{"id":101,"date":"2024-08-01T10:04:42","date_gmt":"2024-08-01T10:04:42","guid":{"rendered":"https:\/\/silkavojo.kz\/?page_id=101"},"modified":"2024-08-07T20:42:27","modified_gmt":"2024-08-07T14:42:27","slug":"svclub","status":"publish","type":"page","link":"https:\/\/silkavojo.kz\/index.php\/svclub\/","title":{"rendered":"Silka Vojo Kommunumo"},"content":{"rendered":"\t\t<div data-elementor-type=\"wp-page\" data-elementor-id=\"101\" class=\"elementor elementor-101\" data-elementor-post-type=\"page\">\n\t\t\t\t<div class=\"elementor-element elementor-element-9a0df52 e-con-full e-flex e-con e-parent\" data-id=\"9a0df52\" data-element_type=\"container\">\n\t\t<div class=\"elementor-element elementor-element-87c7702 e-con-full e-flex e-con e-child\" data-id=\"87c7702\" data-element_type=\"container\">\n\t\t\t\t<div class=\"elementor-element elementor-element-983419f elementor-widget elementor-widget-heading\" data-id=\"983419f\" data-element_type=\"widget\" data-widget_type=\"heading.default\">\n\t\t\t\t<div class=\"elementor-widget-container\">\n\t\t\t<style>\/*! elementor - v3.23.0 - 25-07-2024 *\/\n.elementor-heading-title{padding:0;margin:0;line-height:1}.elementor-widget-heading .elementor-heading-title[class*=elementor-size-]>a{color:inherit;font-size:inherit;line-height:inherit}.elementor-widget-heading .elementor-heading-title.elementor-size-small{font-size:15px}.elementor-widget-heading .elementor-heading-title.elementor-size-medium{font-size:19px}.elementor-widget-heading .elementor-heading-title.elementor-size-large{font-size:29px}.elementor-widget-heading .elementor-heading-title.elementor-size-xl{font-size:39px}.elementor-widget-heading .elementor-heading-title.elementor-size-xxl{font-size:59px}<\/style><h2 class=\"elementor-heading-title elementor-size-default\">                 Misio kaj Valoraj<\/h2>\t\t<\/div>\n\t\t\t\t<\/div>\n\t\t\t\t<div class=\"elementor-element elementor-element-f4d33f8 elementor-widget elementor-widget-image\" data-id=\"f4d33f8\" data-element_type=\"widget\" data-widget_type=\"image.default\">\n\t\t\t\t<div class=\"elementor-widget-container\">\n\t\t\t\t\t\t\t\t\t\t\t\t\t<img fetchpriority=\"high\" decoding=\"async\" width=\"735\" height=\"675\" src=\"https:\/\/silkavojo.kz\/wp-content\/uploads\/2024\/08\/iScreen-Shoter-Google-Chrome-240805124839\u202fPM.jpg\" class=\"attachment-large size-large wp-image-238\" alt=\"\" srcset=\"https:\/\/silkavojo.kz\/wp-content\/uploads\/2024\/08\/iScreen-Shoter-Google-Chrome-240805124839\u202fPM.jpg 735w, https:\/\/silkavojo.kz\/wp-content\/uploads\/2024\/08\/iScreen-Shoter-Google-Chrome-240805124839\u202fPM-300x276.jpg 300w\" sizes=\"(max-width: 735px) 100vw, 735px\" \/>\t\t\t\t\t\t\t\t\t\t\t\t\t<\/div>\n\t\t\t\t<\/div>\n\t\t\t\t<\/div>\n\t\t<div class=\"elementor-element elementor-element-e6f69bf e-con-full e-flex e-con e-child\" data-id=\"e6f69bf\" data-element_type=\"container\">\n\t\t\t\t<div class=\"elementor-element elementor-element-db9b980 elementor-widget elementor-widget-text-editor\" data-id=\"db9b980\" data-element_type=\"widget\" data-widget_type=\"text-editor.default\">\n\t\t\t\t<div class=\"elementor-widget-container\">\n\t\t\t<style>\/*! elementor - v3.23.0 - 25-07-2024 *\/\n.elementor-widget-text-editor.elementor-drop-cap-view-stacked .elementor-drop-cap{background-color:#69727d;color:#fff}.elementor-widget-text-editor.elementor-drop-cap-view-framed .elementor-drop-cap{color:#69727d;border:3px solid;background-color:transparent}.elementor-widget-text-editor:not(.elementor-drop-cap-view-default) .elementor-drop-cap{margin-top:8px}.elementor-widget-text-editor:not(.elementor-drop-cap-view-default) .elementor-drop-cap-letter{width:1em;height:1em}.elementor-widget-text-editor .elementor-drop-cap{float:left;text-align:center;line-height:1;font-size:50px}.elementor-widget-text-editor .elementor-drop-cap-letter{display:inline-block}<\/style>\t\t\t\t<p>Nia retradio inspiras Esperantistojn tra la harmonio de Esperanto-muziko kaj<br \/>la tradicioj de la Silka Vojo.\u00a0 \u00a0<\/p><p><span style=\"font-size: 14px; color: var( --e-global-color-text ); text-align: var(--text-align);\"><strong> 1. Internaciismo.<\/strong> Promocii kulturan inter\u015dan\u011don kaj komprenon inter popoloj per muziko en Esperanto kaj tradicioj de la Silka Vojo.<br \/><strong>2. Komunumo.<\/strong> Krei fortan kaj amikan komunumon de Esperantistoj, unui\u011dintaj per amo al muziko.<br \/><strong>3. Edukado<\/strong>. Ri\u0109igi sciojn pri muzikaj kulturoj de diversaj landoj kaj disvolvi intereson pri lernado de Esperanto.<br \/><strong>4. Alirebleco.<\/strong> Provizi altkvalitan kaj diversan muzikprogramon, alireblan por \u0109iuj a\u016dskultantoj.<br \/><strong>5. Novigado:<\/strong> Konstante \u011disdatigi kaj plibonigi la dezajnon kaj enhavon de la radiostacio por kongrui kun modernaj bezonoj de a\u016dskultantoj.<br \/><\/span><\/p>\t\t\t\t\t\t<\/div>\n\t\t\t\t<\/div>\n\t\t\t\t<\/div>\n\t\t\t\t<\/div>\n\t\t<div class=\"elementor-element elementor-element-4442199 e-flex e-con-boxed e-con e-parent\" data-id=\"4442199\" data-element_type=\"container\">\n\t\t\t\t\t<div class=\"e-con-inner\">\n\t\t<div class=\"elementor-element elementor-element-17d3383 e-con-full e-flex e-con e-child\" data-id=\"17d3383\" data-element_type=\"container\">\n\t\t\t\t<div class=\"elementor-element elementor-element-d0fa0ea elementor-widget elementor-widget-heading\" data-id=\"d0fa0ea\" data-element_type=\"widget\" data-widget_type=\"heading.default\">\n\t\t\t\t<div class=\"elementor-widget-container\">\n\t\t\t<h2 class=\"elementor-heading-title elementor-size-default\">Politiko pri elsendo<\/h2>\t\t<\/div>\n\t\t\t\t<\/div>\n\t\t\t\t<div class=\"elementor-element elementor-element-76ea8d1 elementor-widget elementor-widget-image\" data-id=\"76ea8d1\" data-element_type=\"widget\" data-widget_type=\"image.default\">\n\t\t\t\t<div class=\"elementor-widget-container\">\n\t\t\t\t\t\t\t\t\t\t\t\t\t<img decoding=\"async\" width=\"705\" height=\"709\" src=\"https:\/\/silkavojo.kz\/wp-content\/uploads\/2024\/08\/iScreen-Shoter-Google-Chrome-240805124910\u202fPM.jpg\" class=\"attachment-large size-large wp-image-240\" alt=\"\" srcset=\"https:\/\/silkavojo.kz\/wp-content\/uploads\/2024\/08\/iScreen-Shoter-Google-Chrome-240805124910\u202fPM.jpg 705w, https:\/\/silkavojo.kz\/wp-content\/uploads\/2024\/08\/iScreen-Shoter-Google-Chrome-240805124910\u202fPM-298x300.jpg 298w, https:\/\/silkavojo.kz\/wp-content\/uploads\/2024\/08\/iScreen-Shoter-Google-Chrome-240805124910\u202fPM-150x150.jpg 150w\" sizes=\"(max-width: 705px) 100vw, 705px\" \/>\t\t\t\t\t\t\t\t\t\t\t\t\t<\/div>\n\t\t\t\t<\/div>\n\t\t\t\t<\/div>\n\t\t<div class=\"elementor-element elementor-element-fb2bffc e-con-full e-flex e-con e-child\" data-id=\"fb2bffc\" data-element_type=\"container\">\n\t\t\t\t<div class=\"elementor-element elementor-element-6d4cd1d elementor-widget elementor-widget-text-editor\" data-id=\"6d4cd1d\" data-element_type=\"widget\" data-widget_type=\"text-editor.default\">\n\t\t\t\t<div class=\"elementor-widget-container\">\n\t\t\t\t\t\t\t<p>Ni elsendas muzikon kaj programojn el Kaza\u0125io, el urbo Almato, Centra Azio.<\/p><p>La retradio donas preferon al artistoj kantantaj en Esperanto.<br \/>Vi anka\u016d povas a\u016dskulti muzikon el landoj de landoj kaj popoloj inkluzivitaj en la Historia Silka Vojo &#8211; Azerbaj\u011dano, \u0108inio, Irano, Kartvelio, Kaza\u0125io, Kirgizio, Ta\u011dikio, Turkmenio, Uzbekio.<br \/>\u011ci estas etna kaj moderna muziko: estrado, \u0135azo. Ni preferas instrumentan muzikon, sed foje ni faras esceptojn, se ni ne povas trovi instrumentan muzikon.<\/p>\t\t\t\t\t\t<\/div>\n\t\t\t\t<\/div>\n\t\t\t\t<\/div>\n\t\t\t\t\t<\/div>\n\t\t\t\t<\/div>\n\t\t<div class=\"elementor-element elementor-element-0c20232 e-flex e-con-boxed e-con e-parent\" data-id=\"0c20232\" data-element_type=\"container\">\n\t\t\t\t\t<div class=\"e-con-inner\">\n\t\t<div class=\"elementor-element elementor-element-549655d e-con-full e-flex e-con e-child\" data-id=\"549655d\" data-element_type=\"container\">\n\t\t\t\t<div class=\"elementor-element elementor-element-53d5791 elementor-widget elementor-widget-heading\" data-id=\"53d5791\" data-element_type=\"widget\" data-widget_type=\"heading.default\">\n\t\t\t\t<div class=\"elementor-widget-container\">\n\t\t\t<h2 class=\"elementor-heading-title elementor-size-default\">Partneroj\n<\/h2>\t\t<\/div>\n\t\t\t\t<\/div>\n\t\t\t\t<div class=\"elementor-element elementor-element-4a7c661 elementor-widget elementor-widget-image\" data-id=\"4a7c661\" data-element_type=\"widget\" data-widget_type=\"image.default\">\n\t\t\t\t<div class=\"elementor-widget-container\">\n\t\t\t\t\t\t\t\t\t\t\t\t\t<img decoding=\"async\" width=\"821\" height=\"825\" src=\"https:\/\/silkavojo.kz\/wp-content\/uploads\/2024\/08\/iScreen-Shoter-Google-Chrome-240805124928\u202fPM.jpg\" class=\"attachment-large size-large wp-image-241\" alt=\"\" srcset=\"https:\/\/silkavojo.kz\/wp-content\/uploads\/2024\/08\/iScreen-Shoter-Google-Chrome-240805124928\u202fPM.jpg 821w, https:\/\/silkavojo.kz\/wp-content\/uploads\/2024\/08\/iScreen-Shoter-Google-Chrome-240805124928\u202fPM-300x300.jpg 300w, https:\/\/silkavojo.kz\/wp-content\/uploads\/2024\/08\/iScreen-Shoter-Google-Chrome-240805124928\u202fPM-150x150.jpg 150w, https:\/\/silkavojo.kz\/wp-content\/uploads\/2024\/08\/iScreen-Shoter-Google-Chrome-240805124928\u202fPM-768x772.jpg 768w\" sizes=\"(max-width: 821px) 100vw, 821px\" \/>\t\t\t\t\t\t\t\t\t\t\t\t\t<\/div>\n\t\t\t\t<\/div>\n\t\t\t\t<\/div>\n\t\t<div class=\"elementor-element elementor-element-edaa734 e-con-full e-flex e-con e-child\" data-id=\"edaa734\" data-element_type=\"container\">\n\t\t\t\t<div class=\"elementor-element elementor-element-438f274 elementor-widget elementor-widget-text-editor\" data-id=\"438f274\" data-element_type=\"widget\" data-widget_type=\"text-editor.default\">\n\t\t\t\t<div class=\"elementor-widget-container\">\n\t\t\t\t\t\t\t<p><strong>SV Kluba gvidanto<\/strong><br \/>Vjaco Nasretdinov<br \/>Almato-Cimkento<br \/>Esperantisto gis 1990<\/p><p><br \/><strong>Retradio gvidanto<\/strong><br \/>Andreo Krupin<br \/>Moskvo-Almato<br \/>Esperantisto gis 1987<\/p>\t\t\t\t\t\t<\/div>\n\t\t\t\t<\/div>\n\t\t\t\t<\/div>\n\t\t\t\t\t<\/div>\n\t\t\t\t<\/div>\n\t\t\t\t<\/div>\n\t\t","protected":false},"excerpt":{"rendered":"<p>Misio kaj Valoraj Nia retradio inspiras Esperantistojn tra la harmonio de Esperanto-muziko kajla tradicioj de la Silka Vojo.\u00a0 \u00a0 1. Internaciismo. Promocii kulturan inter\u015dan\u011don kaj komprenon inter popoloj per muziko en Esperanto kaj tradicioj de la Silka Vojo.2. Komunumo. Krei fortan kaj amikan komunumon de Esperantistoj, unui\u011dintaj per amo al muziko.3. Edukado. Ri\u0109igi sciojn pri [&hellip;]<\/p>\n","protected":false},"author":1,"featured_media":0,"parent":0,"menu_order":0,"comment_status":"closed","ping_status":"closed","template":"elementor_header_footer","meta":{"_coblocks_attr":"","_coblocks_dimensions":"","_coblocks_responsive_height":"","_coblocks_accordion_ie_support":"","ocean_post_layout":"","ocean_both_sidebars_style":"","ocean_both_sidebars_content_width":0,"ocean_both_sidebars_sidebars_width":0,"ocean_sidebar":"","ocean_second_sidebar":"","ocean_disable_margins":"enable","ocean_add_body_class":"","ocean_shortcode_before_top_bar":"","ocean_shortcode_after_top_bar":"","ocean_shortcode_before_header":"","ocean_shortcode_after_header":"","ocean_has_shortcode":"","ocean_shortcode_after_title":"","ocean_shortcode_before_footer_widgets":"","ocean_shortcode_after_footer_widgets":"","ocean_shortcode_before_footer_bottom":"","ocean_shortcode_after_footer_bottom":"","ocean_display_top_bar":"default","ocean_display_header":"default","ocean_header_style":"","ocean_center_header_left_menu":"","ocean_custom_header_template":"","ocean_custom_logo":0,"ocean_custom_retina_logo":0,"ocean_custom_logo_max_width":0,"ocean_custom_logo_tablet_max_width":0,"ocean_custom_logo_mobile_max_width":0,"ocean_custom_logo_max_height":0,"ocean_custom_logo_tablet_max_height":0,"ocean_custom_logo_mobile_max_height":0,"ocean_header_custom_menu":"","ocean_menu_typo_font_family":"","ocean_menu_typo_font_subset":"","ocean_menu_typo_font_size":0,"ocean_menu_typo_font_size_tablet":0,"ocean_menu_typo_font_size_mobile":0,"ocean_menu_typo_font_size_unit":"px","ocean_menu_typo_font_weight":"","ocean_menu_typo_font_weight_tablet":"","ocean_menu_typo_font_weight_mobile":"","ocean_menu_typo_transform":"","ocean_menu_typo_transform_tablet":"","ocean_menu_typo_transform_mobile":"","ocean_menu_typo_line_height":0,"ocean_menu_typo_line_height_tablet":0,"ocean_menu_typo_line_height_mobile":0,"ocean_menu_typo_line_height_unit":"","ocean_menu_typo_spacing":0,"ocean_menu_typo_spacing_tablet":0,"ocean_menu_typo_spacing_mobile":0,"ocean_menu_typo_spacing_unit":"","ocean_menu_link_color":"","ocean_menu_link_color_hover":"","ocean_menu_link_color_active":"","ocean_menu_link_background":"","ocean_menu_link_hover_background":"","ocean_menu_link_active_background":"","ocean_menu_social_links_bg":"","ocean_menu_social_hover_links_bg":"","ocean_menu_social_links_color":"","ocean_menu_social_hover_links_color":"","ocean_disable_title":"default","ocean_disable_heading":"default","ocean_post_title":"","ocean_post_subheading":"","ocean_post_title_style":"","ocean_post_title_background_color":"","ocean_post_title_background":0,"ocean_post_title_bg_image_position":"","ocean_post_title_bg_image_attachment":"","ocean_post_title_bg_image_repeat":"","ocean_post_title_bg_image_size":"","ocean_post_title_height":0,"ocean_post_title_bg_overlay":0.5,"ocean_post_title_bg_overlay_color":"","ocean_disable_breadcrumbs":"default","ocean_breadcrumbs_color":"","ocean_breadcrumbs_separator_color":"","ocean_breadcrumbs_links_color":"","ocean_breadcrumbs_links_hover_color":"","ocean_display_footer_widgets":"default","ocean_display_footer_bottom":"default","ocean_custom_footer_template":"","footnotes":""},"class_list":["post-101","page","type-page","status-publish","hentry","entry"],"_links":{"self":[{"href":"https:\/\/silkavojo.kz\/index.php\/wp-json\/wp\/v2\/pages\/101","targetHints":{"allow":["GET"]}}],"collection":[{"href":"https:\/\/silkavojo.kz\/index.php\/wp-json\/wp\/v2\/pages"}],"about":[{"href":"https:\/\/silkavojo.kz\/index.php\/wp-json\/wp\/v2\/types\/page"}],"author":[{"embeddable":true,"href":"https:\/\/silkavojo.kz\/index.php\/wp-json\/wp\/v2\/users\/1"}],"replies":[{"embeddable":true,"href":"https:\/\/silkavojo.kz\/index.php\/wp-json\/wp\/v2\/comments?post=101"}],"version-history":[{"count":33,"href":"https:\/\/silkavojo.kz\/index.php\/wp-json\/wp\/v2\/pages\/101\/revisions"}],"predecessor-version":[{"id":320,"href":"https:\/\/silkavojo.kz\/index.php\/wp-json\/wp\/v2\/pages\/101\/revisions\/320"}],"wp:attachment":[{"href":"https:\/\/silkavojo.kz\/index.php\/wp-json\/wp\/v2\/media?parent=101"}],"curies":[{"name":"wp","href":"https:\/\/api.w.org\/{rel}","templated":true}]}}