{"id":77,"date":"2024-08-01T09:13:18","date_gmt":"2024-08-01T09:13:18","guid":{"rendered":"https:\/\/silkavojo.kz\/?page_id=77"},"modified":"2024-08-29T11:22:22","modified_gmt":"2024-08-29T05:22:22","slug":"index","status":"publish","type":"page","link":"https:\/\/silkavojo.kz\/","title":{"rendered":"\u0108efa pa\u011do"},"content":{"rendered":"\t\t<div data-elementor-type=\"wp-page\" data-elementor-id=\"77\" class=\"elementor elementor-77\" data-elementor-post-type=\"page\">\n\t\t\t\t<div class=\"elementor-element elementor-element-1846723 e-flex e-con-boxed e-con e-parent\" data-id=\"1846723\" data-element_type=\"container\">\n\t\t\t\t\t<div class=\"e-con-inner\">\n\t\t\t\t<div class=\"elementor-element elementor-element-8f82a53 elementor-widget elementor-widget-html\" data-id=\"8f82a53\" data-element_type=\"widget\" data-widget_type=\"html.default\">\n\t\t\t\t<div class=\"elementor-widget-container\">\n\t\t\t    <script>\n        document.addEventListener(\"DOMContentLoaded\", function() {\n            var header = document.querySelector(\".page-header\");\n            if (header) {\n                header.style.display = \"none\";\n            }\n        });\n    <\/script>\t\t<\/div>\n\t\t\t\t<\/div>\n\t\t\t\t<div class=\"elementor-element elementor-element-7ef7c15 elementor-widget elementor-widget-image\" data-id=\"7ef7c15\" data-element_type=\"widget\" data-widget_type=\"image.default\">\n\t\t\t\t<div class=\"elementor-widget-container\">\n\t\t\t\t\t\t\t\t\t\t\t\t\t<img fetchpriority=\"high\" decoding=\"async\" width=\"1198\" height=\"652\" src=\"https:\/\/silkavojo.kz\/wp-content\/uploads\/2024\/08\/iScreen-Shoter-Google-Chrome-24080470211\u202fPM.jpg\" class=\"attachment-full size-full wp-image-231\" alt=\"\" srcset=\"https:\/\/silkavojo.kz\/wp-content\/uploads\/2024\/08\/iScreen-Shoter-Google-Chrome-24080470211\u202fPM.jpg 1198w, https:\/\/silkavojo.kz\/wp-content\/uploads\/2024\/08\/iScreen-Shoter-Google-Chrome-24080470211\u202fPM-300x163.jpg 300w, https:\/\/silkavojo.kz\/wp-content\/uploads\/2024\/08\/iScreen-Shoter-Google-Chrome-24080470211\u202fPM-1024x557.jpg 1024w, https:\/\/silkavojo.kz\/wp-content\/uploads\/2024\/08\/iScreen-Shoter-Google-Chrome-24080470211\u202fPM-768x418.jpg 768w\" sizes=\"(max-width: 1198px) 100vw, 1198px\" \/>\t\t\t\t\t\t\t\t\t\t\t\t\t<\/div>\n\t\t\t\t<\/div>\n\t\t\t\t\t<\/div>\n\t\t\t\t<\/div>\n\t\t<div class=\"elementor-element elementor-element-51bf9f5 e-flex e-con-boxed e-con e-parent\" data-id=\"51bf9f5\" data-element_type=\"container\">\n\t\t\t\t\t<div class=\"e-con-inner\">\n\t\t\t\t<div class=\"elementor-element elementor-element-ea22343 elementor-widget elementor-widget-html\" data-id=\"ea22343\" data-element_type=\"widget\" data-widget_type=\"html.default\">\n\t\t\t\t<div class=\"elementor-widget-container\">\n\t\t\t<!DOCTYPE html>\n<html lang=\"ru\">\n<head>\n    <meta charset=\"UTF-8\">\n    <meta name=\"viewport\" content=\"width=device-width, initial-scale=1.0\">\n    <title>\u041f\u043b\u0435\u0435\u0440<\/title>\n    <style>\n        #player-container {\n            width: 100%;\n            max-width: 800px;\n            margin: 0 auto;\n            text-align: center;\n        }\n        audio {\n            width: 100%;\n            max-width: 800px;\n        }\n    <\/style>\n<\/head>\n<body>\n    <div id=\"player-container\">\n        <audio controls autoplay>\n            <source src=\"https:\/\/stream.volnorez.com\/live-app\/915317\" type=\"audio\/mpeg\">\n            \u0412\u0430\u0448 \u0431\u0440\u0430\u0443\u0437\u0435\u0440 \u043d\u0435 \u043f\u043e\u0434\u0434\u0435\u0440\u0436\u0438\u0432\u0430\u0435\u0442 \u044d\u043b\u0435\u043c\u0435\u043d\u0442 audio.\n        <\/audio>\n    <\/div>\n<\/body>\n<\/html>\n\t\t<\/div>\n\t\t\t\t<\/div>\n\t\t\t\t<div class=\"elementor-element elementor-element-7378615 elementor-widget elementor-widget-html\" data-id=\"7378615\" data-element_type=\"widget\" data-widget_type=\"html.default\">\n\t\t\t\t<div class=\"elementor-widget-container\">\n\t\t\t<div id=\"vplayer001f7a01\">\n<a href=\"http:\/\/volnorez.com\/silka-vojo\" title=\"radio Silka Vojo\">radio Silka Vojo<\/a>\n<script async type=\"text\/javascript\" src=\"\/\/volnorez.com\/plugins\/jscode\/player_js\/001f7a01\/%7B%22autoplay%22%3Atrue%2C%22share%22%3A%22local%22%2C%22skin%22%3A%22main%22%2C%22style%22%3A%7B%7D%7D\"><\/script>\n<\/div>\t\t<\/div>\n\t\t\t\t<\/div>\n\t\t<div class=\"elementor-element elementor-element-b8e1a71 e-con-full e-flex e-con e-child\" data-id=\"b8e1a71\" data-element_type=\"container\">\n\t\t\t\t<\/div>\n\t\t\t\t<div class=\"elementor-element elementor-element-e07f473 elementor-widget elementor-widget-html\" data-id=\"e07f473\" data-element_type=\"widget\" data-widget_type=\"html.default\">\n\t\t\t\t<div class=\"elementor-widget-container\">\n\t\t\t<div id=\"volnorez_chat\" data-code=\"001f7a01\" data-skin-params=\"'panel_clr':'234,234,234','msgbg_clr':'229,229,229','omsgbg_clr':'220,220,220','label_clr':'109,109,109'\" data-skin=\"skin_2\">\n\t<script async type=\"text\/javascript\" src=\"\/\/volnorez.com\/plugins\/jscode\/chat_js\"><\/script>\n<\/div>\t\t<\/div>\n\t\t\t\t<\/div>\n\t\t\t\t\t<\/div>\n\t\t\t\t<\/div>\n\t\t<div class=\"elementor-element elementor-element-76bd177 e-flex e-con-boxed e-con e-parent\" data-id=\"76bd177\" data-element_type=\"container\">\n\t\t\t\t\t<div class=\"e-con-inner\">\n\t\t\t\t<div class=\"elementor-element elementor-element-44cadda elementor-share-buttons--view-icon-text elementor-share-buttons--skin-gradient elementor-share-buttons--shape-square elementor-grid-0 elementor-share-buttons--color-official elementor-widget elementor-widget-share-buttons\" data-id=\"44cadda\" data-element_type=\"widget\" data-widget_type=\"share-buttons.default\">\n\t\t\t\t<div class=\"elementor-widget-container\">\n\t\t\t<link rel=\"stylesheet\" href=\"https:\/\/silkavojo.kz\/wp-content\/plugins\/elementor-pro\/assets\/css\/widget-share-buttons.min.css?ver=1722505548\">\t\t<div class=\"elementor-grid\">\n\t\t\t\t\t\t\t\t<div class=\"elementor-grid-item\">\n\t\t\t\t\t\t<div\n\t\t\t\t\t\t\tclass=\"elementor-share-btn elementor-share-btn_facebook\"\n\t\t\t\t\t\t\trole=\"button\"\n\t\t\t\t\t\t\ttabindex=\"0\"\n\t\t\t\t\t\t\taria-label=\"Share on facebook\"\n\t\t\t\t\t\t>\n\t\t\t\t\t\t\t\t\t\t\t\t\t\t\t<span class=\"elementor-share-btn__icon\">\n\t\t\t\t\t\t\t\t<svg class=\"e-font-icon-svg e-fab-facebook\" viewBox=\"0 0 512 512\" xmlns=\"http:\/\/www.w3.org\/2000\/svg\"><path d=\"M504 256C504 119 393 8 256 8S8 119 8 256c0 123.78 90.69 226.38 209.25 245V327.69h-63V256h63v-54.64c0-62.15 37-96.48 93.67-96.48 27.14 0 55.52 4.84 55.52 4.84v61h-31.28c-30.8 0-40.41 19.12-40.41 38.73V256h68.78l-11 71.69h-57.78V501C413.31 482.38 504 379.78 504 256z\"><\/path><\/svg>\t\t\t\t\t\t\t<\/span>\n\t\t\t\t\t\t\t\t\t\t\t\t\t\t\t\t\t\t\t\t\t\t<div class=\"elementor-share-btn__text\">\n\t\t\t\t\t\t\t\t\t\t\t\t\t\t\t\t\t\t\t<span class=\"elementor-share-btn__title\">\n\t\t\t\t\t\t\t\t\t\tFacebook\t\t\t\t\t\t\t\t\t<\/span>\n\t\t\t\t\t\t\t\t\t\t\t\t\t\t\t\t\t<\/div>\n\t\t\t\t\t\t\t\t\t\t\t\t\t<\/div>\n\t\t\t\t\t<\/div>\n\t\t\t\t\t\t\t\t\t<div class=\"elementor-grid-item\">\n\t\t\t\t\t\t<div\n\t\t\t\t\t\t\tclass=\"elementor-share-btn elementor-share-btn_vk\"\n\t\t\t\t\t\t\trole=\"button\"\n\t\t\t\t\t\t\ttabindex=\"0\"\n\t\t\t\t\t\t\taria-label=\"Share on vk\"\n\t\t\t\t\t\t>\n\t\t\t\t\t\t\t\t\t\t\t\t\t\t\t<span class=\"elementor-share-btn__icon\">\n\t\t\t\t\t\t\t\t<svg class=\"e-font-icon-svg e-fab-vk\" viewBox=\"0 0 576 512\" xmlns=\"http:\/\/www.w3.org\/2000\/svg\"><path d=\"M545 117.7c3.7-12.5 0-21.7-17.8-21.7h-58.9c-15 0-21.9 7.9-25.6 16.7 0 0-30 73.1-72.4 120.5-13.7 13.7-20 18.1-27.5 18.1-3.7 0-9.4-4.4-9.4-16.9V117.7c0-15-4.2-21.7-16.6-21.7h-92.6c-9.4 0-15 7-15 13.5 0 14.2 21.2 17.5 23.4 57.5v86.8c0 19-3.4 22.5-10.9 22.5-20 0-68.6-73.4-97.4-157.4-5.8-16.3-11.5-22.9-26.6-22.9H38.8c-16.8 0-20.2 7.9-20.2 16.7 0 15.6 20 93.1 93.1 195.5C160.4 378.1 229 416 291.4 416c37.5 0 42.1-8.4 42.1-22.9 0-66.8-3.4-73.1 15.4-73.1 8.7 0 23.7 4.4 58.7 38.1 40 40 46.6 57.9 69 57.9h58.9c16.8 0 25.3-8.4 20.4-25-11.2-34.9-86.9-106.7-90.3-111.5-8.7-11.2-6.2-16.2 0-26.2.1-.1 72-101.3 79.4-135.6z\"><\/path><\/svg>\t\t\t\t\t\t\t<\/span>\n\t\t\t\t\t\t\t\t\t\t\t\t\t\t\t\t\t\t\t\t\t\t<div class=\"elementor-share-btn__text\">\n\t\t\t\t\t\t\t\t\t\t\t\t\t\t\t\t\t\t\t<span class=\"elementor-share-btn__title\">\n\t\t\t\t\t\t\t\t\t\tVK\t\t\t\t\t\t\t\t\t<\/span>\n\t\t\t\t\t\t\t\t\t\t\t\t\t\t\t\t\t<\/div>\n\t\t\t\t\t\t\t\t\t\t\t\t\t<\/div>\n\t\t\t\t\t<\/div>\n\t\t\t\t\t\t\t\t\t<div class=\"elementor-grid-item\">\n\t\t\t\t\t\t<div\n\t\t\t\t\t\t\tclass=\"elementor-share-btn elementor-share-btn_telegram\"\n\t\t\t\t\t\t\trole=\"button\"\n\t\t\t\t\t\t\ttabindex=\"0\"\n\t\t\t\t\t\t\taria-label=\"Share on telegram\"\n\t\t\t\t\t\t>\n\t\t\t\t\t\t\t\t\t\t\t\t\t\t\t<span class=\"elementor-share-btn__icon\">\n\t\t\t\t\t\t\t\t<svg class=\"e-font-icon-svg e-fab-telegram\" viewBox=\"0 0 496 512\" xmlns=\"http:\/\/www.w3.org\/2000\/svg\"><path d=\"M248 8C111 8 0 119 0 256s111 248 248 248 248-111 248-248S385 8 248 8zm121.8 169.9l-40.7 191.8c-3 13.6-11.1 16.9-22.4 10.5l-62-45.7-29.9 28.8c-3.3 3.3-6.1 6.1-12.5 6.1l4.4-63.1 114.9-103.8c5-4.4-1.1-6.9-7.7-2.5l-142 89.4-61.2-19.1c-13.3-4.2-13.6-13.3 2.8-19.7l239.1-92.2c11.1-4 20.8 2.7 17.2 19.5z\"><\/path><\/svg>\t\t\t\t\t\t\t<\/span>\n\t\t\t\t\t\t\t\t\t\t\t\t\t\t\t\t\t\t\t\t\t\t<div class=\"elementor-share-btn__text\">\n\t\t\t\t\t\t\t\t\t\t\t\t\t\t\t\t\t\t\t<span class=\"elementor-share-btn__title\">\n\t\t\t\t\t\t\t\t\t\tTelegram\t\t\t\t\t\t\t\t\t<\/span>\n\t\t\t\t\t\t\t\t\t\t\t\t\t\t\t\t\t<\/div>\n\t\t\t\t\t\t\t\t\t\t\t\t\t<\/div>\n\t\t\t\t\t<\/div>\n\t\t\t\t\t\t<\/div>\n\t\t\t\t<\/div>\n\t\t\t\t<\/div>\n\t\t\t\t\t<\/div>\n\t\t\t\t<\/div>\n\t\t<div class=\"elementor-element elementor-element-37d0406 e-flex e-con-boxed e-con e-parent\" data-id=\"37d0406\" data-element_type=\"container\">\n\t\t\t\t\t<div class=\"e-con-inner\">\n\t\t\t\t<div class=\"elementor-element elementor-element-e2b7c13 elementor-widget elementor-widget-text-editor\" data-id=\"e2b7c13\" data-element_type=\"widget\" data-widget_type=\"text-editor.default\">\n\t\t\t\t<div class=\"elementor-widget-container\">\n\t\t\t<style>\/*! elementor - v3.23.0 - 25-07-2024 *\/\n.elementor-widget-text-editor.elementor-drop-cap-view-stacked .elementor-drop-cap{background-color:#69727d;color:#fff}.elementor-widget-text-editor.elementor-drop-cap-view-framed .elementor-drop-cap{color:#69727d;border:3px solid;background-color:transparent}.elementor-widget-text-editor:not(.elementor-drop-cap-view-default) .elementor-drop-cap{margin-top:8px}.elementor-widget-text-editor:not(.elementor-drop-cap-view-default) .elementor-drop-cap-letter{width:1em;height:1em}.elementor-widget-text-editor .elementor-drop-cap{float:left;text-align:center;line-height:1;font-size:50px}.elementor-widget-text-editor .elementor-drop-cap-letter{display:inline-block}<\/style>\t\t\t\t<p style=\"text-align: center;\"><span style=\"color: #000000;\"><strong>Silka Vojo &#8211; esperanta retradio el Kaza\u0125io, el urbo Almato, Centra Azio. \u0108i tie Vi povas a\u016dskulti kaj \u011duji kiel esperantistan muzikon kaj kantojn tiel anka\u016d muzikon de landoj de Silka Vojo. <span style=\"font-size: 14px; text-align: var(--text-align);\">\u00a0Muziko por la koro! Viaj plej \u015datataj melodioj, 24 horojn tage!<\/span><\/strong><\/span><\/p>\t\t\t\t\t\t<\/div>\n\t\t\t\t<\/div>\n\t\t\t\t<div class=\"elementor-element elementor-element-c95807a elementor-grid-3 elementor-grid-tablet-2 elementor-grid-mobile-1 elementor-posts--thumbnail-top elementor-widget elementor-widget-posts\" data-id=\"c95807a\" data-element_type=\"widget\" data-settings=\"{&quot;classic_columns&quot;:&quot;3&quot;,&quot;classic_columns_tablet&quot;:&quot;2&quot;,&quot;classic_columns_mobile&quot;:&quot;1&quot;,&quot;classic_row_gap&quot;:{&quot;unit&quot;:&quot;px&quot;,&quot;size&quot;:35,&quot;sizes&quot;:[]},&quot;classic_row_gap_tablet&quot;:{&quot;unit&quot;:&quot;px&quot;,&quot;size&quot;:&quot;&quot;,&quot;sizes&quot;:[]},&quot;classic_row_gap_mobile&quot;:{&quot;unit&quot;:&quot;px&quot;,&quot;size&quot;:&quot;&quot;,&quot;sizes&quot;:[]}}\" data-widget_type=\"posts.classic\">\n\t\t\t\t<div class=\"elementor-widget-container\">\n\t\t\t<link rel=\"stylesheet\" href=\"https:\/\/silkavojo.kz\/wp-content\/plugins\/elementor-pro\/assets\/css\/widget-posts.min.css?ver=1722505548\">\t\t<div class=\"elementor-posts-container elementor-posts elementor-posts--skin-classic elementor-grid\">\n\t\t\t\t<article class=\"elementor-post elementor-grid-item post-266 post type-post status-publish format-standard has-post-thumbnail hentry category---eo entry has-media\">\n\t\t\t\t<a class=\"elementor-post__thumbnail__link\" href=\"https:\/\/silkavojo.kz\/index.php\/2024\/08\/05\/esperanta-muziko\/\" tabindex=\"-1\" >\n\t\t\t<div class=\"elementor-post__thumbnail\"><img decoding=\"async\" width=\"300\" height=\"163\" src=\"https:\/\/silkavojo.kz\/wp-content\/uploads\/2024\/08\/iScreen-Shoter-Google-Chrome-24080470211\u202fPM-300x163.jpg\" class=\"attachment-medium size-medium wp-image-231\" alt=\"\" srcset=\"https:\/\/silkavojo.kz\/wp-content\/uploads\/2024\/08\/iScreen-Shoter-Google-Chrome-24080470211\u202fPM-300x163.jpg 300w, https:\/\/silkavojo.kz\/wp-content\/uploads\/2024\/08\/iScreen-Shoter-Google-Chrome-24080470211\u202fPM-1024x557.jpg 1024w, https:\/\/silkavojo.kz\/wp-content\/uploads\/2024\/08\/iScreen-Shoter-Google-Chrome-24080470211\u202fPM-768x418.jpg 768w, https:\/\/silkavojo.kz\/wp-content\/uploads\/2024\/08\/iScreen-Shoter-Google-Chrome-24080470211\u202fPM.jpg 1198w\" sizes=\"(max-width: 300px) 100vw, 300px\" \/><\/div>\n\t\t<\/a>\n\t\t\t\t<div class=\"elementor-post__text\">\n\t\t\t\t<h3 class=\"elementor-post__title\">\n\t\t\t<a href=\"https:\/\/silkavojo.kz\/index.php\/2024\/08\/05\/esperanta-muziko\/\" >\n\t\t\t\tEsperanta muziko\t\t\t<\/a>\n\t\t<\/h3>\n\t\t\t\t<div class=\"elementor-post__meta-data\">\n\t\t\t\t\t<span class=\"elementor-post-date\">\n\t\t\t5 \u0430\u0432\u0433\u0443\u0441\u0442\u0430, 2024\t\t<\/span>\n\t\t\t\t<span class=\"elementor-post-avatar\">\n\t\t\t\u041a\u043e\u043c\u043c\u0435\u043d\u0442\u0430\u0440\u0438\u0435\u0432 \u043d\u0435\u0442\t\t<\/span>\n\t\t\t\t<\/div>\n\t\t\t\t<div class=\"elementor-post__excerpt\">\n\t\t\t<p>Esperanta muziko estas muziko kreita kaj kantata en la internacia lingvo Esperanto. \u011ci ampleksas diversajn \u011denrojn kaj stilojn, kaj ekzistas multaj artistoj kaj grupoj, kiuj<\/p>\n\t\t<\/div>\n\t\t\n\t\t<a class=\"elementor-post__read-more\" href=\"https:\/\/silkavojo.kz\/index.php\/2024\/08\/05\/esperanta-muziko\/\" aria-label=\"Read more about Esperanta muziko\" tabindex=\"-1\" >\n\t\t\tLegu Pli \u00bb\t\t<\/a>\n\n\t\t\t\t<\/div>\n\t\t\t\t<\/article>\n\t\t\t\t<article class=\"elementor-post elementor-grid-item post-264 post type-post status-publish format-standard has-post-thumbnail hentry category---eo entry has-media\">\n\t\t\t\t<a class=\"elementor-post__thumbnail__link\" href=\"https:\/\/silkavojo.kz\/index.php\/2024\/08\/05\/la-granda-silka-vojo\/\" tabindex=\"-1\" >\n\t\t\t<div class=\"elementor-post__thumbnail\"><img decoding=\"async\" width=\"300\" height=\"186\" src=\"https:\/\/silkavojo.kz\/wp-content\/uploads\/2024\/08\/iScreen-Shoter-Google-Chrome-240805125002\u202fPM-300x186.jpg\" class=\"attachment-medium size-medium wp-image-244\" alt=\"\" srcset=\"https:\/\/silkavojo.kz\/wp-content\/uploads\/2024\/08\/iScreen-Shoter-Google-Chrome-240805125002\u202fPM-300x186.jpg 300w, https:\/\/silkavojo.kz\/wp-content\/uploads\/2024\/08\/iScreen-Shoter-Google-Chrome-240805125002\u202fPM-1024x636.jpg 1024w, https:\/\/silkavojo.kz\/wp-content\/uploads\/2024\/08\/iScreen-Shoter-Google-Chrome-240805125002\u202fPM-768x477.jpg 768w, https:\/\/silkavojo.kz\/wp-content\/uploads\/2024\/08\/iScreen-Shoter-Google-Chrome-240805125002\u202fPM.jpg 1188w\" sizes=\"(max-width: 300px) 100vw, 300px\" \/><\/div>\n\t\t<\/a>\n\t\t\t\t<div class=\"elementor-post__text\">\n\t\t\t\t<h3 class=\"elementor-post__title\">\n\t\t\t<a href=\"https:\/\/silkavojo.kz\/index.php\/2024\/08\/05\/la-granda-silka-vojo\/\" >\n\t\t\t\tLa Granda Silka Vojo\u2026\t\t\t<\/a>\n\t\t<\/h3>\n\t\t\t\t<div class=\"elementor-post__meta-data\">\n\t\t\t\t\t<span class=\"elementor-post-date\">\n\t\t\t5 \u0430\u0432\u0433\u0443\u0441\u0442\u0430, 2024\t\t<\/span>\n\t\t\t\t<span class=\"elementor-post-avatar\">\n\t\t\t\u041a\u043e\u043c\u043c\u0435\u043d\u0442\u0430\u0440\u0438\u0435\u0432 \u043d\u0435\u0442\t\t<\/span>\n\t\t\t\t<\/div>\n\t\t\t\t<div class=\"elementor-post__excerpt\">\n\t\t\t<p>La Granda Silka Vojo\u2026 Kion ni scias pri \u011di? Imago tuj prezentas senliman sablan maron de arda dezerto. Tran\u0109ante dunojn kvaza\u016d ondojn, tra \u011di vagas<\/p>\n\t\t<\/div>\n\t\t\n\t\t<a class=\"elementor-post__read-more\" href=\"https:\/\/silkavojo.kz\/index.php\/2024\/08\/05\/la-granda-silka-vojo\/\" aria-label=\"Read more about La Granda Silka Vojo\u2026\" tabindex=\"-1\" >\n\t\t\tLegu Pli \u00bb\t\t<\/a>\n\n\t\t\t\t<\/div>\n\t\t\t\t<\/article>\n\t\t\t\t<\/div>\n\t\t\n\t\t\t\t<\/div>\n\t\t\t\t<\/div>\n\t\t\t\t\t<\/div>\n\t\t\t\t<\/div>\n\t\t<div class=\"elementor-element elementor-element-fb14dc7 e-flex e-con-boxed e-con e-parent\" data-id=\"fb14dc7\" data-element_type=\"container\">\n\t\t\t\t\t<div class=\"e-con-inner\">\n\t\t\t\t\t<\/div>\n\t\t\t\t<\/div>\n\t\t<div class=\"elementor-element elementor-element-867e24c e-flex e-con-boxed e-con e-parent\" data-id=\"867e24c\" data-element_type=\"container\">\n\t\t\t\t\t<div class=\"e-con-inner\">\n\t\t\t\t\t<\/div>\n\t\t\t\t<\/div>\n\t\t\t\t<\/div>\n\t\t","protected":false},"excerpt":{"rendered":"<p>\u041f\u043b\u0435\u0435\u0440 \u0412\u0430\u0448 \u0431\u0440\u0430\u0443\u0437\u0435\u0440 \u043d\u0435 \u043f\u043e\u0434\u0434\u0435\u0440\u0436\u0438\u0432\u0430\u0435\u0442 \u044d\u043b\u0435\u043c\u0435\u043d\u0442 audio. radio Silka Vojo Facebook VK Telegram Silka Vojo &#8212; esperanta retradio el Kaza\u0125io, el urbo Almato, Centra Azio. \u0108i tie Vi povas a\u016dskulti kaj \u011duji kiel esperantistan muzikon kaj kantojn tiel anka\u016d muzikon de landoj de Silka Vojo. \u00a0Muziko por la koro! Viaj plej \u015datataj melodioj, 24 horojn [&hellip;]<\/p>\n","protected":false},"author":1,"featured_media":0,"parent":0,"menu_order":0,"comment_status":"closed","ping_status":"closed","template":"elementor_header_footer","meta":{"_coblocks_attr":"","_coblocks_dimensions":"","_coblocks_responsive_height":"","_coblocks_accordion_ie_support":"","ocean_post_layout":"","ocean_both_sidebars_style":"","ocean_both_sidebars_content_width":0,"ocean_both_sidebars_sidebars_width":0,"ocean_sidebar":"","ocean_second_sidebar":"","ocean_disable_margins":"enable","ocean_add_body_class":"","ocean_shortcode_before_top_bar":"","ocean_shortcode_after_top_bar":"","ocean_shortcode_before_header":"","ocean_shortcode_after_header":"","ocean_has_shortcode":"","ocean_shortcode_after_title":"","ocean_shortcode_before_footer_widgets":"","ocean_shortcode_after_footer_widgets":"","ocean_shortcode_before_footer_bottom":"","ocean_shortcode_after_footer_bottom":"","ocean_display_top_bar":"default","ocean_display_header":"default","ocean_header_style":"","ocean_center_header_left_menu":"","ocean_custom_header_template":"","ocean_custom_logo":0,"ocean_custom_retina_logo":0,"ocean_custom_logo_max_width":0,"ocean_custom_logo_tablet_max_width":0,"ocean_custom_logo_mobile_max_width":0,"ocean_custom_logo_max_height":0,"ocean_custom_logo_tablet_max_height":0,"ocean_custom_logo_mobile_max_height":0,"ocean_header_custom_menu":"","ocean_menu_typo_font_family":"","ocean_menu_typo_font_subset":"","ocean_menu_typo_font_size":0,"ocean_menu_typo_font_size_tablet":0,"ocean_menu_typo_font_size_mobile":0,"ocean_menu_typo_font_size_unit":"px","ocean_menu_typo_font_weight":"","ocean_menu_typo_font_weight_tablet":"","ocean_menu_typo_font_weight_mobile":"","ocean_menu_typo_transform":"","ocean_menu_typo_transform_tablet":"","ocean_menu_typo_transform_mobile":"","ocean_menu_typo_line_height":0,"ocean_menu_typo_line_height_tablet":0,"ocean_menu_typo_line_height_mobile":0,"ocean_menu_typo_line_height_unit":"","ocean_menu_typo_spacing":0,"ocean_menu_typo_spacing_tablet":0,"ocean_menu_typo_spacing_mobile":0,"ocean_menu_typo_spacing_unit":"","ocean_menu_link_color":"","ocean_menu_link_color_hover":"","ocean_menu_link_color_active":"","ocean_menu_link_background":"","ocean_menu_link_hover_background":"","ocean_menu_link_active_background":"","ocean_menu_social_links_bg":"","ocean_menu_social_hover_links_bg":"","ocean_menu_social_links_color":"","ocean_menu_social_hover_links_color":"","ocean_disable_title":"default","ocean_disable_heading":"default","ocean_post_title":"","ocean_post_subheading":"","ocean_post_title_style":"","ocean_post_title_background_color":"","ocean_post_title_background":0,"ocean_post_title_bg_image_position":"","ocean_post_title_bg_image_attachment":"","ocean_post_title_bg_image_repeat":"","ocean_post_title_bg_image_size":"","ocean_post_title_height":0,"ocean_post_title_bg_overlay":0.5,"ocean_post_title_bg_overlay_color":"","ocean_disable_breadcrumbs":"default","ocean_breadcrumbs_color":"","ocean_breadcrumbs_separator_color":"","ocean_breadcrumbs_links_color":"","ocean_breadcrumbs_links_hover_color":"","ocean_display_footer_widgets":"default","ocean_display_footer_bottom":"default","ocean_custom_footer_template":"","footnotes":""},"class_list":["post-77","page","type-page","status-publish","hentry","entry","has-media"],"_links":{"self":[{"href":"https:\/\/silkavojo.kz\/index.php\/wp-json\/wp\/v2\/pages\/77","targetHints":{"allow":["GET"]}}],"collection":[{"href":"https:\/\/silkavojo.kz\/index.php\/wp-json\/wp\/v2\/pages"}],"about":[{"href":"https:\/\/silkavojo.kz\/index.php\/wp-json\/wp\/v2\/types\/page"}],"author":[{"embeddable":true,"href":"https:\/\/silkavojo.kz\/index.php\/wp-json\/wp\/v2\/users\/1"}],"replies":[{"embeddable":true,"href":"https:\/\/silkavojo.kz\/index.php\/wp-json\/wp\/v2\/comments?post=77"}],"version-history":[{"count":111,"href":"https:\/\/silkavojo.kz\/index.php\/wp-json\/wp\/v2\/pages\/77\/revisions"}],"predecessor-version":[{"id":387,"href":"https:\/\/silkavojo.kz\/index.php\/wp-json\/wp\/v2\/pages\/77\/revisions\/387"}],"wp:attachment":[{"href":"https:\/\/silkavojo.kz\/index.php\/wp-json\/wp\/v2\/media?parent=77"}],"curies":[{"name":"wp","href":"https:\/\/api.w.org\/{rel}","templated":true}]}}